{"id":435,"date":"2023-12-26T20:57:27","date_gmt":"2023-12-26T20:57:27","guid":{"rendered":"https:\/\/fairspin-mirror.com\/?page_id=435"},"modified":"2024-02-22T10:40:22","modified_gmt":"2024-02-22T10:40:22","slug":"tfs-token","status":"publish","type":"page","link":"https:\/\/fairspin-mirror.com\/hu\/tfs-token\/","title":{"rendered":"TFS Token minden sz\u00fcks\u00e9ges inform\u00e1ci\u00f3t"},"content":{"rendered":"<h1>TFS Token: Blockchain innov\u00e1ci\u00f3val forradalmas\u00edtja az iGaming t\u00e1jk\u00e9pet<\/h1>\n<p><img loading=\"lazy\" decoding=\"async\" class=\"aligncenter size-large wp-image-448\" src=\"https:\/\/fairspin-mirror.com\/wp-content\/uploads\/2023\/12\/hu1-1024x269.png\" alt=\"TFS Token\" width=\"1024\" height=\"269\" \/><br \/>\n<span style=\"color: #ffffff;\">Az online szerencsej\u00e1t\u00e9kok dinamikus birodalm\u00e1ban egy \u00fatt\u00f6r\u0151 innov\u00e1ci\u00f3 kelt hull\u00e1mokat &#8211; a TFS Token. Ez az \u00fajszer\u0171 digit\u00e1lis eszk\u00f6z, amely a blokkl\u00e1nc-technol\u00f3gia \u00e9s az iGaming-ipar szinergi\u00e1j\u00e1b\u00f3l sz\u00fcletett, \u00fajradefini\u00e1lja az online szerencsej\u00e1t\u00e9k-\u00e9lm\u00e9nyek szabv\u00e1nyait.<\/span><\/p>\n<h2><span style=\"color: #ffffff;\">\u00daj korszak az online szerencsej\u00e1t\u00e9kban: A TFS Token megjelen\u00e9se<\/span><\/h2>\n<p><span style=\"color: #ffffff;\"><img loading=\"lazy\" decoding=\"async\" class=\"aligncenter size-large wp-image-444\" src=\"https:\/\/fairspin-mirror.com\/wp-content\/uploads\/2023\/12\/h2-1024x231.png\" alt=\"TFS Token - Mik azok a b\u00f3nusz tok\u00e9nek?\" width=\"1024\" height=\"231\" \/><\/span><br \/>\n<span style=\"color: #ffffff;\">A blokkl\u00e1nc integr\u00e1ci\u00f3ja a sz\u00f3rakoztat\u00f3iparba megv\u00e1ltoztatta a j\u00e1t\u00e9kmenetet, \u00e9s soha nem l\u00e1tott szint\u0171 biztons\u00e1got, \u00e1tl\u00e1that\u00f3s\u00e1got \u00e9s tisztess\u00e9gess\u00e9get k\u00edn\u00e1l az online szerencsej\u00e1t\u00e9kokban. A Fairspin, mint az els\u0151 blokkl\u00e1nc kaszin\u00f3, amely kriptovalut\u00e1t ind\u00edtott, a TFS Token bevezet\u00e9s\u00e9vel ennek a forradalomnak az \u00e9l\u00e9re \u00e1llt.<\/span><\/p>\n<h2><span style=\"color: #ffffff;\">TFS Token: K\u00f6zelebbr\u0151l<\/span><\/h2>\n<p><span style=\"color: #ffffff;\">A TFS Token nem csup\u00e1n egy digit\u00e1lis valuta; egy \u00e1tfog\u00f3 h\u0171s\u00e9g- \u00e9s jutalmaz\u00e1si program sarokk\u00f6ve. A token lehet\u0151v\u00e9 teszi a j\u00e1t\u00e9kosok sz\u00e1m\u00e1ra, hogy egy egyed\u00fcl\u00e1ll\u00f3 &#8220;Play to Earn&#8221; mechanizmuson kereszt\u00fcl keressenek, \u00e9s azonnali TFS rakebacket kapjanak minden t\u00e9t ut\u00e1n. Emellett a &#8220;Hold to Earn&#8221; program lehet\u0151s\u00e9get k\u00edn\u00e1l a j\u00e1t\u00e9kosoknak, hogy feltegy\u00e9k a TFS-\u00fcket, \u00edgy a magas hozam\u00fa kamatok r\u00e9v\u00e9n passz\u00edv j\u00f6vedelemre ny\u00edlik lehet\u0151s\u00e9g.<\/span><\/p>\n<h2><span style=\"color: #ffffff;\"><img loading=\"lazy\" decoding=\"async\" class=\"aligncenter size-large wp-image-452\" src=\"https:\/\/fairspin-mirror.com\/wp-content\/uploads\/2023\/12\/hu3-1024x386.png\" alt=\"TFS - Hold to Earn H\u0171s\u00e9gprogram\" width=\"1024\" height=\"386\" \/><\/span><br \/>\n<span style=\"color: #ffffff;\">A j\u00f6vedelem maximaliz\u00e1l\u00e1sa: A Hold to Earn program<\/span><\/h2>\n<p><span style=\"color: #ffffff;\">Az innovat\u00edv &#8220;Hold to Earn&#8221; program lehet\u0151v\u00e9 teszi a j\u00e1t\u00e9kosok sz\u00e1m\u00e1ra, hogy TFS-\u00fcket k\u00fcl\u00f6nb\u00f6z\u0151 id\u0151tartamokra tegy\u00e9k fel, 8 \u00f3r\u00e1t\u00f3l 3 napig terjed\u0151 id\u0151tartamra. A hozam a feltett tokenek sz\u00e1m\u00e1t\u00f3l \u00e9s a Fairspin ezen id\u0151szak alatti bev\u00e9tel\u00e9t\u0151l f\u00fcgg, az \u00e1tlagos \u00e9ves sz\u00e1zal\u00e9kos kamatl\u00e1b (APR) pedig leny\u0171g\u00f6z\u0151 500%-ra emelkedik. Ez a szembet\u0171n\u0151 adat sz\u00f6ges ellent\u00e9tben \u00e1ll a hagyom\u00e1nyos banki megtakar\u00edt\u00e1si sz\u00e1ml\u00e1k szer\u00e9ny \u00e9ves hozam\u00e1val, ami a TFS-t j\u00f6vedelmez\u0151 befektet\u00e9si lehet\u0151s\u00e9gk\u00e9nt poz\u00edcion\u00e1lja.<\/span><\/p>\n<h3><span style=\"color: #ffffff;\">Likvidit\u00e1si t\u00e9t: Rugalmass\u00e1g \u00e9s ellen\u0151rz\u00e9s<\/span><\/h3>\n<p><span style=\"color: #ffffff;\">A felhaszn\u00e1l\u00f3k felhatalmaz\u00e1sa \u00e9rdek\u00e9ben a Liquidity Staking program p\u00e9ld\u00e1tlan kontrollt k\u00edn\u00e1l a t\u00e9tgy\u0171jt\u00e9s eszk\u00f6zei felett. A r\u00e9sztvev\u0151k d\u00f6nthetnek a t\u00e9t \u00f6sszeg\u00e9r\u0151l \u00e9s id\u0151tartam\u00e1r\u00f3l, \u00e9s b\u00e1rmikor szabadon kivehetik a p\u00e9nzeszk\u00f6z\u00f6ket. Ez az \u00e1lland\u00f3 funkci\u00f3 n\u00f6veli a TFS-USDT pool likvidit\u00e1s\u00e1t a PancakeSwapon, ez\u00e1ltal er\u0151s\u00edtve a token piaci teljes\u00edtm\u00e9ny\u00e9t.<\/span><\/p>\n<p><span style=\"color: #ffffff;\"><img loading=\"lazy\" decoding=\"async\" class=\"alignnone size-medium wp-image-436\" src=\"https:\/\/fairspin-mirror.com\/wp-content\/uploads\/2023\/12\/tfs-300x294.png\" alt=\"tfs coin\" width=\"300\" height=\"294\" \/><\/span><\/p>\n<h3><span style=\"color: #ffffff;\">Kock\u00e1zatmentes hozam: Biztons\u00e1gos befektet\u00e9s<\/span><\/h3>\n<p><span style=\"color: #ffffff;\">Ami a TFS tokent kiemeli a t\u00f6bbi k\u00f6z\u00fcl, az a magas kamatl\u00e1bak \u00e9s a garant\u00e1lt alapbiztons\u00e1g kombin\u00e1ci\u00f3ja. F\u00fcggetlen\u00fcl a Fairspin haszonkulcs\u00e1t\u00f3l, a stakerek garant\u00e1ltan visszakapj\u00e1k az eredeti befektet\u00e9s\u00fck \u00e9s a megszerzett kamatok \u00f6sszeg\u00e9t, amit a Trueplay Explorer minden tranzakci\u00f3 \u00e1tl\u00e1that\u00f3 nyilv\u00e1ntart\u00e1sa t\u00e1maszt al\u00e1.<\/span><\/p>\n<h3><span style=\"color: #ffffff;\">Az iGaming-en t\u00fal: Egyed\u00fcl\u00e1ll\u00f3 befektet\u00e9si lehet\u0151s\u00e9g<\/span><\/h3>\n<p><span style=\"color: #ffffff;\">A hasonl\u00f3 iGaming projektekkel \u00f6sszehasonl\u00edtva a TFS Hold to Earn programja p\u00e1ratlan. Magas hozam\u00fa, kock\u00e1zatmentes jellege \u00e9s felhaszn\u00e1l\u00f3bar\u00e1t megk\u00f6zel\u00edt\u00e9se vonz\u00f3v\u00e1 teszi mind a j\u00e1t\u00e9kosok, mind a befektet\u0151k sz\u00e1m\u00e1ra. R\u00e1ad\u00e1sul a token \u00e9rt\u00e9ke az elm\u00falt \u00e9vben jelent\u0151sen emelkedett, ami bizony\u00edtja, hogy m\u00e9g egy medvepiaci helyzetben is n\u00f6veked\u00e9si potenci\u00e1l van benne.<\/span><\/p>\n<h3><span style=\"color: #ffffff;\">Szimbi\u00f3zis: El\u0151ny\u00f6k a j\u00e1t\u00e9kosok \u00e9s a kaszin\u00f3 sz\u00e1m\u00e1ra<\/span><\/h3>\n<p><span style=\"color: #ffffff;\">A Hold to Earn program win-win helyzetet teremt. T\u00f6bb j\u00e1t\u00e9kost vonz a platformra, ami n\u00f6veli a kaszin\u00f3 nyeres\u00e9g\u00e9t, mik\u00f6zben izgalmasabb\u00e1 teszi a keres\u00e9si folyamatot. Ez az innovat\u00edv megk\u00f6zel\u00edt\u00e9s cs\u00f6kkenti a kaszin\u00f3nak a b\u00f3nuszokra ford\u00edtand\u00f3 p\u00e9nzeszk\u00f6z\u00f6k sz\u00fcks\u00e9gess\u00e9g\u00e9t, mivel a program \u00f6nmag\u00e1ban is jelent\u0151s jutalmakat k\u00edn\u00e1l.<\/span><\/p>\n<h3><span style=\"color: #ffffff;\">TFS Token: A Game-Changer az online szerencsej\u00e1t\u00e9kban<\/span><\/h3>\n<p><span style=\"color: #ffffff;\">A TFS Token j\u00f3l p\u00e9ld\u00e1zza a blokkl\u00e1nc \u00e1talak\u00edt\u00f3 erej\u00e9t a szerencsej\u00e1t\u00e9k-szektorban. A j\u00e1t\u00e9kosoknak lehet\u0151s\u00e9get k\u00edn\u00e1l passz\u00edv j\u00f6vedelemre, mik\u00f6zben kedvenc j\u00e1t\u00e9kaiknak h\u00f3dolnak. Nyeres\u00e9ges t\u00e9tlek\u00f6t\u00e9si lehet\u0151s\u00e9gei \u00e9s kock\u00e1zatmentes jellege vonz\u00f3 befektet\u00e9ss\u00e9 teszi azok sz\u00e1m\u00e1ra, akik a szerencsej\u00e1t\u00e9k-\u00e1gazatba mer\u00e9szkednek.<\/span><\/p>\n<p><span style=\"color: #ffffff;\"><img loading=\"lazy\" decoding=\"async\" class=\"aligncenter size-full wp-image-440\" src=\"https:\/\/fairspin-mirror.com\/wp-content\/uploads\/2023\/12\/tfs2.png\" alt=\"TFS kriptobefektet\u00e9s\" width=\"826\" height=\"270\" \/><\/span><\/p>\n<h3><span style=\"color: #ffffff;\">Induljon el a TFS utaz\u00e1son<\/span><\/h3>\n<p><span style=\"color: #ffffff;\">Csatlakozzon a TFS Token tulajdonosok n\u00f6vekv\u0151 k\u00f6z\u00f6ss\u00e9g\u00e9hez, \u00e9s kezdje el kihaszn\u00e1lni a t\u00e9tgy\u0171jt\u00e9s el\u0151nyeit m\u00e9g ma. Legyen r\u00e9szese ennek a forradalmi mozgalomnak az online szerencsej\u00e1t\u00e9k vil\u00e1g\u00e1ban.<\/span><\/p>\n<h3><span style=\"color: #ffffff;\">A Fairspinr\u0151l: A blokkl\u00e1nc \u00fatt\u00f6r\u0151je a szerencsej\u00e1t\u00e9kban<\/span><\/h3>\n<p><span style=\"color: #ffffff;\">A 2018-ban alap\u00edtott <a style=\"color: #ffffff;\" href=\"https:\/\/fairspin-mirror.com\/\">Fairspin<\/a> vezet\u0151 szerepet t\u00f6lt be az online kaszin\u00f3iparban, \u00fatt\u00f6r\u0151 szerepet v\u00e1llalva a technol\u00f3giai innov\u00e1ci\u00f3k ter\u00e9n. Az \u00e1tl\u00e1that\u00f3s\u00e1g ir\u00e1nti elk\u00f6telezetts\u00e9g\u00e9vel a Fairspin lehet\u0151v\u00e9 teszi a j\u00e1t\u00e9kosok sz\u00e1m\u00e1ra, hogy a Trueplay Explorer seg\u00edts\u00e9g\u00e9vel a blokkl\u00e1ncon ellen\u0151rizhess\u00e9k t\u00e9tjeiket \u00e9s m\u0171veleteiket. A vil\u00e1g els\u0151, saj\u00e1t tokennel rendelkez\u0151 kaszin\u00f3jak\u00e9nt a Fairspin t\u00f6bb mint 7000 j\u00e1t\u00e9kot \u00e9s kiv\u00e9teles \u00fcgyf\u00e9lszolg\u00e1latot k\u00edn\u00e1l, \u00faj m\u00e9rc\u00e9t \u00e1ll\u00edtva fel az online szerencsej\u00e1t\u00e9kok ter\u00e9n.<\/span><\/p>\n<p>&nbsp;<\/p>\n","protected":false},"excerpt":{"rendered":"<p>TFS Token: Blockchain innov\u00e1ci\u00f3val forradalmas\u00edtja az iGaming t\u00e1jk\u00e9pet Az online szerencsej\u00e1t\u00e9kok dinamikus birodalm\u00e1ban egy \u00fatt\u00f6r\u0151 innov\u00e1ci\u00f3 kelt hull\u00e1mokat &#8211; a TFS Token. Ez az \u00fajszer\u0171 digit\u00e1lis eszk\u00f6z, amely a blokkl\u00e1nc-technol\u00f3gia \u00e9s az iGaming-ipar szinergi\u00e1j\u00e1b\u00f3l sz\u00fcletett, \u00fajradefini\u00e1lja az online szerencsej\u00e1t\u00e9k-\u00e9lm\u00e9nyek szabv\u00e1nyait. \u00daj korszak az online szerencsej\u00e1t\u00e9kban: A TFS Token megjelen\u00e9se A blokkl\u00e1nc integr\u00e1ci\u00f3ja a sz\u00f3rakoztat\u00f3iparba megv\u00e1ltoztatta [&hellip;]<\/p>\n","protected":false},"author":1,"featured_media":0,"parent":0,"menu_order":0,"comment_status":"closed","ping_status":"closed","template":"template_home_1.php","meta":{"footnotes":""},"class_list":["post-435","page","type-page","status-publish","hentry"],"yoast_head":"<!-- This site is optimized with the Yoast SEO plugin v27.5 - https:\/\/yoast.com\/product\/yoast-seo-wordpress\/ -->\n<title>TFS Token minden sz\u00fcks\u00e9ges inform\u00e1ci\u00f3t - [:en]Fairspin[:]<\/title>\n<meta name=\"description\" content=\"TFS Token: a Fairspin blokkl\u00e1nc-megold\u00e1sa az iGamingben, ak\u00e1r 500%-os THM t\u00e9tjutalommal. Biztons\u00e1gos, \u00e1tl\u00e1that\u00f3 j\u00e1t\u00e9k n\u00f6veked\u00e9si potenci\u00e1llal. Csatlakozz most!\" \/>\n<meta name=\"robots\" content=\"index, follow, max-snippet:-1, max-image-preview:large, max-video-preview:-1\" \/>\n<link rel=\"canonical\" href=\"https:\/\/fairspin-mirror.com\/hu\/tfs-token\/\" \/>\n<meta property=\"og:locale\" content=\"hu_HU\" \/>\n<meta property=\"og:type\" content=\"article\" \/>\n<meta property=\"og:title\" content=\"TFS Token minden sz\u00fcks\u00e9ges inform\u00e1ci\u00f3t - [:en]Fairspin[:]\" \/>\n<meta property=\"og:description\" content=\"TFS Token: a Fairspin blokkl\u00e1nc-megold\u00e1sa az iGamingben, ak\u00e1r 500%-os THM t\u00e9tjutalommal. Biztons\u00e1gos, \u00e1tl\u00e1that\u00f3 j\u00e1t\u00e9k n\u00f6veked\u00e9si potenci\u00e1llal. Csatlakozz most!\" \/>\n<meta property=\"og:url\" content=\"https:\/\/fairspin-mirror.com\/hu\/tfs-token\/\" \/>\n<meta property=\"og:site_name\" content=\"[:en]Fairspin[:]\" \/>\n<meta property=\"article:modified_time\" content=\"2024-02-22T10:40:22+00:00\" \/>\n<meta property=\"og:image\" content=\"https:\/\/fairspin-mirror.com\/wp-content\/uploads\/2023\/12\/hu1-1024x269.png\" \/>\n<meta name=\"twitter:card\" content=\"summary_large_image\" \/>\n<meta name=\"twitter:label1\" content=\"Est. reading time\" \/>\n\t<meta name=\"twitter:data1\" content=\"4 minutes\" \/>\n<script type=\"application\/ld+json\" class=\"yoast-schema-graph\">{\"@context\":\"https:\\\/\\\/schema.org\",\"@graph\":[{\"@type\":\"WebPage\",\"@id\":\"https:\\\/\\\/fairspin-mirror.com\\\/hu\\\/tfs-token\\\/\",\"url\":\"https:\\\/\\\/fairspin-mirror.com\\\/hu\\\/tfs-token\\\/\",\"name\":\"TFS Token minden sz\u00fcks\u00e9ges inform\u00e1ci\u00f3t - [:en]Fairspin[:]\",\"isPartOf\":{\"@id\":\"https:\\\/\\\/fairspin-mirror.com\\\/hu\\\/#website\"},\"primaryImageOfPage\":{\"@id\":\"https:\\\/\\\/fairspin-mirror.com\\\/hu\\\/tfs-token\\\/#primaryimage\"},\"image\":{\"@id\":\"https:\\\/\\\/fairspin-mirror.com\\\/hu\\\/tfs-token\\\/#primaryimage\"},\"thumbnailUrl\":\"https:\\\/\\\/fairspin-mirror.com\\\/wp-content\\\/uploads\\\/2023\\\/12\\\/hu1-1024x269.png\",\"datePublished\":\"2023-12-26T20:57:27+00:00\",\"dateModified\":\"2024-02-22T10:40:22+00:00\",\"description\":\"TFS Token: a Fairspin blokkl\u00e1nc-megold\u00e1sa az iGamingben, ak\u00e1r 500%-os THM t\u00e9tjutalommal. Biztons\u00e1gos, \u00e1tl\u00e1that\u00f3 j\u00e1t\u00e9k n\u00f6veked\u00e9si potenci\u00e1llal. Csatlakozz most!\",\"breadcrumb\":{\"@id\":\"https:\\\/\\\/fairspin-mirror.com\\\/hu\\\/tfs-token\\\/#breadcrumb\"},\"inLanguage\":\"hu\",\"potentialAction\":[{\"@type\":\"ReadAction\",\"target\":[\"https:\\\/\\\/fairspin-mirror.com\\\/hu\\\/tfs-token\\\/\"]}]},{\"@type\":\"ImageObject\",\"inLanguage\":\"hu\",\"@id\":\"https:\\\/\\\/fairspin-mirror.com\\\/hu\\\/tfs-token\\\/#primaryimage\",\"url\":\"https:\\\/\\\/fairspin-mirror.com\\\/wp-content\\\/uploads\\\/2023\\\/12\\\/hu1-1024x269.png\",\"contentUrl\":\"https:\\\/\\\/fairspin-mirror.com\\\/wp-content\\\/uploads\\\/2023\\\/12\\\/hu1-1024x269.png\"},{\"@type\":\"BreadcrumbList\",\"@id\":\"https:\\\/\\\/fairspin-mirror.com\\\/hu\\\/tfs-token\\\/#breadcrumb\",\"itemListElement\":[{\"@type\":\"ListItem\",\"position\":1,\"name\":\"Home\",\"item\":\"https:\\\/\\\/fairspin-mirror.com\\\/hu\\\/fairspin-hivatalos-kaszino-tukor-online-2024\\\/\"},{\"@type\":\"ListItem\",\"position\":2,\"name\":\"TFS Token minden sz\u00fcks\u00e9ges inform\u00e1ci\u00f3t\"}]},{\"@type\":\"WebSite\",\"@id\":\"https:\\\/\\\/fairspin-mirror.com\\\/hu\\\/#website\",\"url\":\"https:\\\/\\\/fairspin-mirror.com\\\/hu\\\/\",\"name\":\"Fairspin\",\"description\":\"\",\"potentialAction\":[{\"@type\":\"SearchAction\",\"target\":{\"@type\":\"EntryPoint\",\"urlTemplate\":\"https:\\\/\\\/fairspin-mirror.com\\\/hu\\\/?s={search_term_string}\"},\"query-input\":{\"@type\":\"PropertyValueSpecification\",\"valueRequired\":true,\"valueName\":\"search_term_string\"}}],\"inLanguage\":\"hu\"}]}<\/script>\n<!-- \/ Yoast SEO plugin. -->","yoast_head_json":{"title":"TFS Token minden sz\u00fcks\u00e9ges inform\u00e1ci\u00f3t - [:en]Fairspin[:]","description":"TFS Token: a Fairspin blokkl\u00e1nc-megold\u00e1sa az iGamingben, ak\u00e1r 500%-os THM t\u00e9tjutalommal. Biztons\u00e1gos, \u00e1tl\u00e1that\u00f3 j\u00e1t\u00e9k n\u00f6veked\u00e9si potenci\u00e1llal. Csatlakozz most!","robots":{"index":"index","follow":"follow","max-snippet":"max-snippet:-1","max-image-preview":"max-image-preview:large","max-video-preview":"max-video-preview:-1"},"canonical":"https:\/\/fairspin-mirror.com\/hu\/tfs-token\/","og_locale":"hu_HU","og_type":"article","og_title":"TFS Token minden sz\u00fcks\u00e9ges inform\u00e1ci\u00f3t - [:en]Fairspin[:]","og_description":"TFS Token: a Fairspin blokkl\u00e1nc-megold\u00e1sa az iGamingben, ak\u00e1r 500%-os THM t\u00e9tjutalommal. Biztons\u00e1gos, \u00e1tl\u00e1that\u00f3 j\u00e1t\u00e9k n\u00f6veked\u00e9si potenci\u00e1llal. Csatlakozz most!","og_url":"https:\/\/fairspin-mirror.com\/hu\/tfs-token\/","og_site_name":"[:en]Fairspin[:]","article_modified_time":"2024-02-22T10:40:22+00:00","og_image":[{"url":"https:\/\/fairspin-mirror.com\/wp-content\/uploads\/2023\/12\/hu1-1024x269.png","type":"","width":"","height":""}],"twitter_card":"summary_large_image","twitter_misc":{"Est. reading time":"4 minutes"},"schema":{"@context":"https:\/\/schema.org","@graph":[{"@type":"WebPage","@id":"https:\/\/fairspin-mirror.com\/hu\/tfs-token\/","url":"https:\/\/fairspin-mirror.com\/hu\/tfs-token\/","name":"TFS Token minden sz\u00fcks\u00e9ges inform\u00e1ci\u00f3t - [:en]Fairspin[:]","isPartOf":{"@id":"https:\/\/fairspin-mirror.com\/hu\/#website"},"primaryImageOfPage":{"@id":"https:\/\/fairspin-mirror.com\/hu\/tfs-token\/#primaryimage"},"image":{"@id":"https:\/\/fairspin-mirror.com\/hu\/tfs-token\/#primaryimage"},"thumbnailUrl":"https:\/\/fairspin-mirror.com\/wp-content\/uploads\/2023\/12\/hu1-1024x269.png","datePublished":"2023-12-26T20:57:27+00:00","dateModified":"2024-02-22T10:40:22+00:00","description":"TFS Token: a Fairspin blokkl\u00e1nc-megold\u00e1sa az iGamingben, ak\u00e1r 500%-os THM t\u00e9tjutalommal. Biztons\u00e1gos, \u00e1tl\u00e1that\u00f3 j\u00e1t\u00e9k n\u00f6veked\u00e9si potenci\u00e1llal. Csatlakozz most!","breadcrumb":{"@id":"https:\/\/fairspin-mirror.com\/hu\/tfs-token\/#breadcrumb"},"inLanguage":"hu","potentialAction":[{"@type":"ReadAction","target":["https:\/\/fairspin-mirror.com\/hu\/tfs-token\/"]}]},{"@type":"ImageObject","inLanguage":"hu","@id":"https:\/\/fairspin-mirror.com\/hu\/tfs-token\/#primaryimage","url":"https:\/\/fairspin-mirror.com\/wp-content\/uploads\/2023\/12\/hu1-1024x269.png","contentUrl":"https:\/\/fairspin-mirror.com\/wp-content\/uploads\/2023\/12\/hu1-1024x269.png"},{"@type":"BreadcrumbList","@id":"https:\/\/fairspin-mirror.com\/hu\/tfs-token\/#breadcrumb","itemListElement":[{"@type":"ListItem","position":1,"name":"Home","item":"https:\/\/fairspin-mirror.com\/hu\/fairspin-hivatalos-kaszino-tukor-online-2024\/"},{"@type":"ListItem","position":2,"name":"TFS Token minden sz\u00fcks\u00e9ges inform\u00e1ci\u00f3t"}]},{"@type":"WebSite","@id":"https:\/\/fairspin-mirror.com\/hu\/#website","url":"https:\/\/fairspin-mirror.com\/hu\/","name":"Fairspin","description":"","potentialAction":[{"@type":"SearchAction","target":{"@type":"EntryPoint","urlTemplate":"https:\/\/fairspin-mirror.com\/hu\/?s={search_term_string}"},"query-input":{"@type":"PropertyValueSpecification","valueRequired":true,"valueName":"search_term_string"}}],"inLanguage":"hu"}]}},"_links":{"self":[{"href":"https:\/\/fairspin-mirror.com\/hu\/wp-json\/wp\/v2\/pages\/435","targetHints":{"allow":["GET"]}}],"collection":[{"href":"https:\/\/fairspin-mirror.com\/hu\/wp-json\/wp\/v2\/pages"}],"about":[{"href":"https:\/\/fairspin-mirror.com\/hu\/wp-json\/wp\/v2\/types\/page"}],"author":[{"embeddable":true,"href":"https:\/\/fairspin-mirror.com\/hu\/wp-json\/wp\/v2\/users\/1"}],"replies":[{"embeddable":true,"href":"https:\/\/fairspin-mirror.com\/hu\/wp-json\/wp\/v2\/comments?post=435"}],"version-history":[{"count":1,"href":"https:\/\/fairspin-mirror.com\/hu\/wp-json\/wp\/v2\/pages\/435\/revisions"}],"predecessor-version":[{"id":710,"href":"https:\/\/fairspin-mirror.com\/hu\/wp-json\/wp\/v2\/pages\/435\/revisions\/710"}],"wp:attachment":[{"href":"https:\/\/fairspin-mirror.com\/hu\/wp-json\/wp\/v2\/media?parent=435"}],"curies":[{"name":"wp","href":"https:\/\/api.w.org\/{rel}","templated":true}]}}