{"id":727,"date":"2022-11-02T18:13:58","date_gmt":"2022-11-02T18:13:58","guid":{"rendered":"https:\/\/fairspin-mirror.com\/fairspin-espelho-oficial-do-casino-online-2024\/"},"modified":"2024-02-22T08:48:13","modified_gmt":"2024-02-22T08:48:13","slug":"fairspin-%d1%81asino","status":"publish","type":"page","link":"https:\/\/fairspin-mirror.com\/pt-pt\/","title":{"rendered":"FairSpin \u0421asino"},"content":{"rendered":"<h1>FairSpin espelho oficial do casino online 2024<\/h1>\n<p>Em alguns pa\u00edses, o s\u00edtio oficial Fairspin da plataforma de entretenimento pode n\u00e3o funcionar devido a restri\u00e7\u00f5es da legisla\u00e7\u00e3o local. Mas os utilizadores n\u00e3o devem sentir qualquer desconforto, pelo que o casino espelho est\u00e1 dispon\u00edvel online. O que \u00e9, para que servem estes recursos e quais s\u00e3o as suas vantagens, ficar\u00e1 a saber com esta an\u00e1lise.<\/p>\n<h2>O que \u00e9 um espelho de casino?<\/h2>\n<p>Estes s\u00edtios n\u00e3o diferem visualmente e funcionalmente dos recursos oficiais do casino. Tem acesso \u00e0s mesmas oportunidades. Pode jogar qualquer jogo utilizando a sua conta.<\/p>\n<p>Tamb\u00e9m est\u00e1 dispon\u00edvel a cria\u00e7\u00e3o de uma nova conta na p\u00e1gina espelho do casino online, que ser\u00e1 posteriormente universal para todas as r\u00e9plicas. Esta \u00e9 a melhor op\u00e7\u00e3o se, por algum motivo, n\u00e3o conseguir aceder ao recurso oficial.<\/p>\n<p><img loading=\"lazy\" decoding=\"async\" class=\"wp-image-287 aligncenter\" src=\"https:\/\/fairspin-mirror.com\/wp-content\/uploads\/2023\/03\/1920-1-1024x586-1.png\" alt=\"\" width=\"1145\" height=\"655\" \/><\/p>\n<h2>Porque \u00e9 que precisamos de espelhos de casinos online?<\/h2>\n<p>Vejamos as principais raz\u00f5es pelas quais deve utilizar o espelho Fairspin:<\/p>\n<ul>\n<li aria-level=\"1\">se o acesso a recursos com jogos de azar estiver bloqueado no seu pa\u00eds;<\/li>\n<li aria-level=\"1\">se o s\u00edtio Web oficial do casino estiver temporariamente indispon\u00edvel devido a manuten\u00e7\u00e3o;<\/li>\n<li aria-level=\"1\">se o servidor estiver gravemente sobrecarregado no pico de atividade dos utilizadores.<\/li>\n<\/ul>\n<p>Pode ter acesso livre \u00e0 sua conta, b\u00f3nus e cat\u00e1logo de jogos utilizando o espelho do casino.<\/p>\n<h2>Como utilizar corretamente os espelhos reais?<\/h2>\n<p>As condi\u00e7\u00f5es de utiliza\u00e7\u00e3o n\u00e3o s\u00e3o diferentes de visitar o recurso oficial. O espelho do casino Fairspin tem o mesmo design visual e uma interface intuitiva. Pode iniciar sess\u00e3o na sua conta, realizar as ac\u00e7\u00f5es necess\u00e1rias no seu gabinete, utilizar com seguran\u00e7a os m\u00e9todos de pagamento e ativar os b\u00f3nus.<\/p>\n<h2>Onde procurar liga\u00e7\u00f5es funcionais para hoje?<\/h2>\n<p>Uma vez que, em alguns pa\u00edses, as autoridades reguladoras podem bloquear os s\u00edtios com jogos de azar, \u00e9 necess\u00e1rio procurar um espelho de funcionamento do casino Fairspin. Para o efeito, s\u00e3o necess\u00e1rias as seguintes formas:<\/p>\n<ul>\n<li aria-level=\"1\">subscrever as redes sociais e os mensageiros da plataforma de entretenimento para obter informa\u00e7\u00f5es actualizadas;<\/li>\n<li aria-level=\"1\">utilizar um motor de busca para encontrar um espelho que funcione. No entanto, muitos especialistas n\u00e3o recomendam este m\u00e9todo. Porque os jogadores inexperientes podem n\u00e3o ser capazes de distinguir um s\u00edtio real de um s\u00edtio fraudulento;<\/li>\n<li aria-level=\"1\">obter as informa\u00e7\u00f5es necess\u00e1rias nos f\u00f3runs tem\u00e1ticos, onde s\u00e3o criados debates sobre diferentes plataformas.<\/li>\n<\/ul>\n<p>Al\u00e9m disso, \u00e9 poss\u00edvel aceder ao site oficial, mesmo sem utilizar o espelho do Fairspin.io. Para tal, \u00e9 necess\u00e1rio tentar formas de contornar o bloqueio.<\/p>\n<h2>Vantagens de iniciar sess\u00e3o no FairSpin Casino atrav\u00e9s de um espelho<\/h2>\n<p>Tem acesso ilimitado \u00e0 sua conta e ao saldo do jogo, mesmo que o s\u00edtio original n\u00e3o esteja a funcionar. Pode jogar nas suas slots favoritas, fazer apostas e ganhar sem restri\u00e7\u00f5es. Tamb\u00e9m pode utilizar a vers\u00e3o m\u00f3vel da plataforma de entretenimento no seu smartphone ou tablet.<\/p>\n<h2>Quatro formas de contornar s\u00edtios bloqueados<\/h2>\n<p>Se, por alguma raz\u00e3o, n\u00e3o quiser utilizar o espelho do casino, pode utilizar formas populares de contornar o bloqueio:<\/p>\n<ul>\n<li aria-level=\"1\">estabelecer uma liga\u00e7\u00e3o no seu computador ou telem\u00f3vel atrav\u00e9s de um servidor proxy;<\/li>\n<li aria-level=\"1\">instalar a aplica\u00e7\u00e3o VPN e escolher de entre uma lista de pa\u00edses dispon\u00edveis;<\/li>\n<li aria-level=\"1\">utilizar extens\u00f5es especiais no seu browser;<\/li>\n<li aria-level=\"1\">descarregar a aplica\u00e7\u00e3o oficial do casino no seu dispositivo.<\/li>\n<\/ul>\n<p>Estas op\u00e7\u00f5es podem ser \u00fateis se o jogo n\u00e3o for permitido no seu pa\u00eds.<\/p>\n<h2>Posso confiar nos espelhos?<\/h2>\n<p>A escolha destes recursos deve ser efectuada com a maior prud\u00eancia. Deve utilizar apenas o espelho de trabalho oficial do casino Fairspin. Neste caso, est\u00e1 protegido das ac\u00e7\u00f5es dos fraudadores e pode jogar em seguran\u00e7a no s\u00edtio, fazendo apostas reais.<\/p>\n<h2>Como posso jogar nas slots num espelho FairSpin?<\/h2>\n<p>Se quiser aceder ao conte\u00fado do seu jogo favorito quando o site original estiver inacess\u00edvel, v\u00e1 ao espelho do Fairspin io. Para jogar gratuitamente no modo de demonstra\u00e7\u00e3o, n\u00e3o \u00e9 necess\u00e1rio iniciar sess\u00e3o na sua conta. Mas para jogar com dinheiro real, a autoriza\u00e7\u00e3o \u00e9 obrigat\u00f3ria. Escolha no cat\u00e1logo de aut\u00f3matos, fa\u00e7a apostas e receba os ganhos na sua conta. As regras s\u00e3o as mesmas que as do recurso oficial.<\/p>\n<h3>No PC<\/h3>\n<p>Para os propriet\u00e1rios de computadores pessoais, independentemente do sistema operativo, as instru\u00e7\u00f5es s\u00e3o as mesmas que as utilizadas no site original do casino. Pode jogar nas slots no browser ou atrav\u00e9s da aplica\u00e7\u00e3o para computador sem se ligar \u00e0 Internet. Mas, neste \u00faltimo caso, apenas est\u00e3o dispon\u00edveis vers\u00f5es de demonstra\u00e7\u00e3o das slots.<\/p>\n<h3>Em dispositivos m\u00f3veis<\/h3>\n<p>\u00c9 necess\u00e1rio utilizar qualquer navegador instalado no seu telem\u00f3vel ou tablet. Encontre um espelho que funcione e divirta-se com o jogo. Tamb\u00e9m est\u00e1 dispon\u00edvel uma aplica\u00e7\u00e3o que pode ser descarregada a partir das lojas oficiais.<\/p>\n<p>Mas, muitas vezes, os utilizadores n\u00e3o conseguem encontrar o software certo ou v\u00eaem um erro a indicar que o jogo n\u00e3o est\u00e1 dispon\u00edvel na sua \u00e1rea. Nesta an\u00e1lise, j\u00e1 fal\u00e1mos sobre as op\u00e7\u00f5es para contornar o bloqueio, que podem ser \u00fateis nestes casos.<\/p>\n<h2>Porque n\u00e3o utilizar uma VPN?<\/h2>\n<p>Muitos utilizadores n\u00e3o querem perder tempo \u00e0 procura de espelhos ou t\u00eam d\u00favidas sobre a seguran\u00e7a desta vers\u00e3o do site do casino. Utilizam diferentes formas de contornar o bloqueio para aceder ao conte\u00fado original. A op\u00e7\u00e3o mais acess\u00edvel e conveniente \u00e9 uma VPN. Mas h\u00e1 v\u00e1rias raz\u00f5es pelas quais \u00e9 melhor n\u00e3o utilizar este m\u00e9todo:<\/p>\n<ul>\n<li aria-level=\"1\">a maior parte das candidaturas de qualidade s\u00e3o pagas;<\/li>\n<li aria-level=\"1\">A VPN gratuita n\u00e3o garante uma liga\u00e7\u00e3o est\u00e1vel, o que pode afetar negativamente a jogabilidade;<\/li>\n<li aria-level=\"1\">uma elevada probabilidade de roubo de identidade dos utilizadores.<\/li>\n<\/ul>\n<p>Os autores de fraudes criam frequentemente este tipo de aplica\u00e7\u00f5es para aceder a informa\u00e7\u00f5es banc\u00e1rias e a palavras-passe de contas. Por conseguinte, \u00e9 prefer\u00edvel utilizar um espelho oficial para n\u00e3o se expor a v\u00e1rios riscos.<\/p>\n<h2>Bloqueio dos casinos em linha<\/h2>\n<p>Se vir um erro no seu browser ao visitar um s\u00edtio de entretenimento, isso pode indicar um trabalho t\u00e9cnico tempor\u00e1rio. Ou o jogo n\u00e3o \u00e9 permitido no seu pa\u00eds e as autoridades de controlo bloqueiam esse conte\u00fado.<\/p>\n<p>Nesse caso, \u00e9 necess\u00e1rio utilizar o espelho de trabalho do casino Fairspin para hoje. Ap\u00f3s algum tempo, este recurso tamb\u00e9m ser\u00e1 bloqueado. Nesse caso, deve procurar uma nova vers\u00e3o, utilizando as sugest\u00f5es da nossa an\u00e1lise.<\/p>\n<h2>Inscrever-se no portal<\/h2>\n<p>Se o site oficial estiver bloqueado e pretender criar uma nova conta no casino, o m\u00e9todo atual funcionar\u00e1 para si:<\/p>\n<ul>\n<li aria-level=\"1\">encontrar um espelho e clicar no bot\u00e3o de registo;<\/li>\n<li aria-level=\"1\">forne\u00e7a o seu endere\u00e7o de correio eletr\u00f3nico e crie uma palavra-passe forte;<\/li>\n<li aria-level=\"1\">passar pelo processo de verifica\u00e7\u00e3o.<\/li>\n<\/ul>\n<p>\u00c9 de salientar que o seu perfil tamb\u00e9m estar\u00e1 dispon\u00edvel se utilizar o recurso original, uma vez que todos os dados s\u00e3o armazenados no mesmo servidor.<\/p>\n<h3>Iniciar sess\u00e3o na sua conta<\/h3>\n<p>Depois de se registar, pode receber um b\u00f3nus de boas-vindas e aderir ao programa de fidelidade. Para tal, deve iniciar sess\u00e3o e abrir as defini\u00e7\u00f5es do seu perfil. Na sec\u00e7\u00e3o de pagamento, pode depositar para jogar a dinheiro real.<\/p>\n<h2>Transferir a aplica\u00e7\u00e3o para o seu dispositivo<\/h2>\n<p>Uma forma alternativa de aceder ao conte\u00fado original \u00e9 a aplica\u00e7\u00e3o oficial do casino. Possui um mecanismo de desvio de bloqueio incorporado, que funciona de forma fi\u00e1vel sem quebrar a liga\u00e7\u00e3o. Pode jogar as suas slots favoritas, utilizar as melhores estrat\u00e9gias nos jogos de cartas, ver os croupiers ao vivo e obter o m\u00e1ximo prazer com a qualidade do jogo.<\/p>\n<h2>Vers\u00e3o m\u00f3vel do FairSpin Mirror<\/h2>\n<p>Se preferir jogar no seu telem\u00f3vel ou tablet, n\u00e3o sentir\u00e1 quaisquer restri\u00e7\u00f5es ao utilizar um casino m\u00f3vel espelho. O s\u00edtio est\u00e1 perfeitamente adaptado a qualquer ecr\u00e3. Todos os controlos s\u00e3o apresentados corretamente. Al\u00e9m disso, pode jogar no seu dispositivo m\u00f3vel em qualquer altura, independentemente do local onde se encontre.<\/p>\n<h2>C\u00f3digos de inscri\u00e7\u00e3o e de b\u00f3nus<\/h2>\n<p>O registo num casino online tem as suas vantagens, especialmente para os rec\u00e9m-chegados:<\/p>\n<ol>\n<li aria-level=\"1\">Muitos casinos online oferecem b\u00f3nus de boas-vindas para aqueles que se registam pela primeira vez. Pode obter um b\u00f3nus de casino espelho. Pode tratar-se de dinheiro extra que o portal atribui a quem efectuou um primeiro dep\u00f3sito.<\/li>\n<li aria-level=\"1\">Al\u00e9m disso, o registo no melhor casino online permite-lhe acompanhar o estado da sua conta. E tamb\u00e9m aceder a outras funcionalidades, como o apoio ao cliente e os programas VIP.<\/li>\n<li aria-level=\"1\">Al\u00e9m disso, depois de registar uma nova conta, pode depositar fundos na sua conta e fazer apostas reais nos jogos do cat\u00e1logo. Ou pode jogar gratuitamente por uma quest\u00e3o de jogo e divers\u00e3o.<\/li>\n<\/ol>\n<p>De um modo geral, \u00e9 um processo r\u00e1pido e f\u00e1cil que pode conduzir a grandes recompensas.<\/p>\n<h2>Dep\u00f3sitos e levantamentos<\/h2>\n<p>A disponibilidade de v\u00e1rios m\u00e9todos de dep\u00f3sito e levantamento nos casinos online proporciona comodidade e flexibilidade aos jogadores. Isto permite aos jogadores escolher o m\u00e9todo de pagamento mais honesto e mais r\u00e1pido. Tamb\u00e9m assegura que os jogadores podem levantar os seus ganhos de forma r\u00e1pida e f\u00e1cil utilizando o seu m\u00e9todo preferido.<\/p>\n<p>Al\u00e9m disso, a exist\u00eancia de m\u00faltiplas op\u00e7\u00f5es de pagamento proporciona uma seguran\u00e7a adicional, uma vez que reduz a necessidade de comunicar informa\u00e7\u00f5es financeiras sens\u00edveis ao mirror casino no deposit. Isto d\u00e1 aos jogadores paz de esp\u00edrito e confian\u00e7a nas suas transac\u00e7\u00f5es. As m\u00faltiplas op\u00e7\u00f5es de pagamento proporcionam aos jogadores uma experi\u00eancia de jogo mais agrad\u00e1vel e segura.<\/p>\n<h2>Apoio t\u00e9cnico<\/h2>\n<p>Ter um apoio t\u00e9cnico de qualidade num casino online \u00e9 essencial por muitas raz\u00f5es:<\/p>\n<ol>\n<li aria-level=\"1\">Para os rec\u00e9m-chegados, pode ser ben\u00e9fico ter uma equipa de apoio recetiva e amig\u00e1vel que possa fornecer respostas detalhadas a quaisquer perguntas ou problemas que possam surgir durante o jogo.<\/li>\n<li aria-level=\"1\">Al\u00e9m disso, o suporte t\u00e9cnico pode ajudar a resolver problemas t\u00e9cnicos que possam interferir com o jogo ou com a gest\u00e3o da conta, proporcionando uma experi\u00eancia tranquila e agrad\u00e1vel.<\/li>\n<li aria-level=\"1\">Um bom suporte t\u00e9cnico tamb\u00e9m d\u00e1 aos utilizadores paz de esp\u00edrito, pois sabem que t\u00eam acesso a ajuda fi\u00e1vel quando necess\u00e1rio.<\/li>\n<\/ol>\n<p>A nossa an\u00e1lise foi \u00fatil para si e ajudou-o a compreender este t\u00f3pico vital.<\/p>\n<p><img loading=\"lazy\" decoding=\"async\" class=\"aligncenter wp-image-293\" src=\"https:\/\/fairspin-mirror.com\/wp-content\/uploads\/2023\/03\/Fairspin-Online-Casino.jpg\" alt=\"\" width=\"845\" height=\"563\" \/><\/p>\n<h2>Perguntas frequentes sobre o FairSpin Casino Mirror<\/h2>\n<p>Oferecemos a possibilidade de ler as respostas \u00e0s perguntas mais populares dos utilizadores deste casino. Para obter mais conselhos, recomendamos que contacte o servi\u00e7o de apoio da plataforma de entretenimento.<\/p>\n<h3>Os espelhos dos casinos online s\u00e3o seguros?<\/h3>\n<p>N\u00e3o tem de se preocupar com a seguran\u00e7a se utilizar espelhos oficiais. Trata-se essencialmente do mesmo s\u00edtio de entretenimento, mas com um nome de dom\u00ednio diferente. Tem acesso ao apoio ao cliente e aos jogos dos melhores fornecedores. Al\u00e9m disso, o sistema de b\u00f3nus funciona sem quaisquer restri\u00e7\u00f5es.<\/p>\n<h3>Como posso encontrar o espelho oficial do casino?<\/h3>\n<p>A lista de espelhos dispon\u00edveis pode ser publicada no s\u00edtio Web oficial da plataforma de entretenimento. Se este recurso n\u00e3o funcionar, \u00e9 poss\u00edvel encontrar liga\u00e7\u00f5es em p\u00e1ginas de redes sociais e messengers. Por conseguinte, vale a pena subscrever antecipadamente todos os recursos oficiais do casino.<\/p>\n<h3>Como come\u00e7ar a jogar?<\/h3>\n<p>Se estiver registado no site oficial, pode utilizar a sua conta para jogar em qualquer um dos espelhos. Ter\u00e1 acesso \u00e0 sua conta. Poder\u00e1 gerir os pagamentos e os b\u00f3nus. Al\u00e9m disso, todos os jogos est\u00e3o dispon\u00edveis para si, nos quais pode fazer apostas reais ou jogar gratuitamente no modo de demonstra\u00e7\u00e3o.<\/p>\n<h3>Como posso ganhar b\u00f3nus na FairSpin?<\/h3>\n<p>As regras de apostas dependem do tipo de b\u00f3nus e da forma como este \u00e9 recebido. No seu arm\u00e1rio, pode ir \u00e0 sec\u00e7\u00e3o dos b\u00f3nus e ver as informa\u00e7\u00f5es detalhadas na descri\u00e7\u00e3o. Se tiver alguma d\u00favida, recomendamos que contacte a nossa equipa de apoio.<\/p>\n<h3>O FairSpin \u00e9 realmente licenciado?<\/h3>\n<p>Esta plataforma de entretenimento possui todas as licen\u00e7as necess\u00e1rias que permitem que os casinos operem em muitos pa\u00edses do mundo. Tamb\u00e9m no s\u00edtio s\u00e3o publicados jogos de qualidade de fornecedores fi\u00e1veis, regularmente verificados por auditores independentes.<\/p>\n<h3>\u00c9 poss\u00edvel restaurar a minha conta?<\/h3>\n<p>Se se esqueceu da palavra-passe da sua conta, a sua recupera\u00e7\u00e3o demora apenas alguns minutos. Receber\u00e1 um c\u00f3digo de confirma\u00e7\u00e3o \u00fanico no seu e-mail ou n\u00famero de telefone especificado durante o registo. Depois disso, \u00e9 necess\u00e1rio especific\u00e1-lo no formul\u00e1rio de recupera\u00e7\u00e3o no s\u00edtio.<\/p>\n<p>Se uma conta tiver sido bloqueada por violar as regras do casino, a sua recupera\u00e7\u00e3o \u00e9 imposs\u00edvel. Para mais instru\u00e7\u00f5es, pode contactar os gestores de apoio.<\/p>\n","protected":false},"excerpt":{"rendered":"<p>FairSpin espelho oficial do casino online 2024 Em alguns pa\u00edses, o s\u00edtio oficial Fairspin da plataforma de entretenimento pode n\u00e3o funcionar devido a restri\u00e7\u00f5es da legisla\u00e7\u00e3o local. Mas os utilizadores n\u00e3o devem sentir qualquer desconforto, pelo que o casino espelho est\u00e1 dispon\u00edvel online. O que \u00e9, para que servem estes recursos e quais s\u00e3o as [&hellip;]<\/p>\n","protected":false},"author":1,"featured_media":0,"parent":0,"menu_order":1,"comment_status":"closed","ping_status":"closed","template":"template_home_1.php","meta":{"footnotes":""},"class_list":["post-727","page","type-page","status-publish","hentry"],"yoast_head":"<!-- This site is optimized with the Yoast SEO plugin v27.4 - https:\/\/yoast.com\/product\/yoast-seo-wordpress\/ -->\n<title>FairSpin espelho oficial do casino online 2024<\/title>\n<meta name=\"description\" content=\"FairSpin \u00e9 o novo site oficial do casino online. O espelho de trabalho FairSpin est\u00e1 dispon\u00edvel 24\/7 no nosso site. Registe-se, receba b\u00f3nus e jogue nas slots mais populares em 2024\" \/>\n<meta name=\"robots\" content=\"index, follow, max-snippet:-1, max-image-preview:large, max-video-preview:-1\" \/>\n<link rel=\"canonical\" href=\"https:\/\/fairspin-mirror.com\/pt-pt\/\" \/>\n<meta property=\"og:locale\" content=\"pt_PT\" \/>\n<meta property=\"og:type\" content=\"article\" \/>\n<meta property=\"og:title\" content=\"FairSpin espelho oficial do casino online 2024\" \/>\n<meta property=\"og:description\" content=\"FairSpin \u00e9 o novo site oficial do casino online. O espelho de trabalho FairSpin est\u00e1 dispon\u00edvel 24\/7 no nosso site. Registe-se, receba b\u00f3nus e jogue nas slots mais populares em 2024\" \/>\n<meta property=\"og:url\" content=\"https:\/\/fairspin-mirror.com\/pt-pt\/\" \/>\n<meta property=\"og:site_name\" content=\"[:en]Fairspin[:]\" \/>\n<meta property=\"article:modified_time\" content=\"2024-02-22T08:48:13+00:00\" \/>\n<meta property=\"og:image\" content=\"https:\/\/fairspin-mirror.com\/wp-content\/uploads\/2023\/03\/1920-1-1024x586-1.png\" \/>\n<meta name=\"twitter:card\" content=\"summary_large_image\" \/>\n<meta name=\"twitter:label1\" content=\"Est. reading time\" \/>\n\t<meta name=\"twitter:data1\" content=\"9 minutes\" \/>\n<script type=\"application\/ld+json\" class=\"yoast-schema-graph\">{\"@context\":\"https:\\\/\\\/schema.org\",\"@graph\":[{\"@type\":\"WebPage\",\"@id\":\"https:\\\/\\\/fairspin-mirror.com\\\/pt-pt\\\/\",\"url\":\"https:\\\/\\\/fairspin-mirror.com\\\/pt-pt\\\/\",\"name\":\"FairSpin espelho oficial do casino online 2024\",\"isPartOf\":{\"@id\":\"https:\\\/\\\/fairspin-mirror.com\\\/pt-pt\\\/#website\"},\"primaryImageOfPage\":{\"@id\":\"https:\\\/\\\/fairspin-mirror.com\\\/pt-pt\\\/#primaryimage\"},\"image\":{\"@id\":\"https:\\\/\\\/fairspin-mirror.com\\\/pt-pt\\\/#primaryimage\"},\"thumbnailUrl\":\"https:\\\/\\\/fairspin-mirror.com\\\/wp-content\\\/uploads\\\/2023\\\/03\\\/1920-1-1024x586-1.png\",\"datePublished\":\"2022-11-02T18:13:58+00:00\",\"dateModified\":\"2024-02-22T08:48:13+00:00\",\"description\":\"FairSpin \u00e9 o novo site oficial do casino online. O espelho de trabalho FairSpin est\u00e1 dispon\u00edvel 24\\\/7 no nosso site. Registe-se, receba b\u00f3nus e jogue nas slots mais populares em 2024\",\"breadcrumb\":{\"@id\":\"https:\\\/\\\/fairspin-mirror.com\\\/pt-pt\\\/#breadcrumb\"},\"inLanguage\":\"pt\",\"potentialAction\":[{\"@type\":\"ReadAction\",\"target\":[\"https:\\\/\\\/fairspin-mirror.com\\\/pt-pt\\\/\"]}]},{\"@type\":\"ImageObject\",\"inLanguage\":\"pt\",\"@id\":\"https:\\\/\\\/fairspin-mirror.com\\\/pt-pt\\\/#primaryimage\",\"url\":\"https:\\\/\\\/fairspin-mirror.com\\\/wp-content\\\/uploads\\\/2023\\\/03\\\/1920-1-1024x586-1.png\",\"contentUrl\":\"https:\\\/\\\/fairspin-mirror.com\\\/wp-content\\\/uploads\\\/2023\\\/03\\\/1920-1-1024x586-1.png\"},{\"@type\":\"BreadcrumbList\",\"@id\":\"https:\\\/\\\/fairspin-mirror.com\\\/pt-pt\\\/#breadcrumb\",\"itemListElement\":[{\"@type\":\"ListItem\",\"position\":1,\"name\":\"Home\",\"item\":\"https:\\\/\\\/fairspin-mirror.com\\\/pt-pt\\\/\"},{\"@type\":\"ListItem\",\"position\":2,\"name\":\"FairSpin \u0421asino\"}]},{\"@type\":\"WebSite\",\"@id\":\"https:\\\/\\\/fairspin-mirror.com\\\/pt-pt\\\/#website\",\"url\":\"https:\\\/\\\/fairspin-mirror.com\\\/pt-pt\\\/\",\"name\":\"Fairspin\",\"description\":\"\",\"potentialAction\":[{\"@type\":\"SearchAction\",\"target\":{\"@type\":\"EntryPoint\",\"urlTemplate\":\"https:\\\/\\\/fairspin-mirror.com\\\/pt-pt\\\/?s={search_term_string}\"},\"query-input\":{\"@type\":\"PropertyValueSpecification\",\"valueRequired\":true,\"valueName\":\"search_term_string\"}}],\"inLanguage\":\"pt\"}]}<\/script>\n<!-- \/ Yoast SEO plugin. -->","yoast_head_json":{"title":"FairSpin espelho oficial do casino online 2024","description":"FairSpin \u00e9 o novo site oficial do casino online. O espelho de trabalho FairSpin est\u00e1 dispon\u00edvel 24\/7 no nosso site. Registe-se, receba b\u00f3nus e jogue nas slots mais populares em 2024","robots":{"index":"index","follow":"follow","max-snippet":"max-snippet:-1","max-image-preview":"max-image-preview:large","max-video-preview":"max-video-preview:-1"},"canonical":"https:\/\/fairspin-mirror.com\/pt-pt\/","og_locale":"pt_PT","og_type":"article","og_title":"FairSpin espelho oficial do casino online 2024","og_description":"FairSpin \u00e9 o novo site oficial do casino online. O espelho de trabalho FairSpin est\u00e1 dispon\u00edvel 24\/7 no nosso site. Registe-se, receba b\u00f3nus e jogue nas slots mais populares em 2024","og_url":"https:\/\/fairspin-mirror.com\/pt-pt\/","og_site_name":"[:en]Fairspin[:]","article_modified_time":"2024-02-22T08:48:13+00:00","og_image":[{"url":"https:\/\/fairspin-mirror.com\/wp-content\/uploads\/2023\/03\/1920-1-1024x586-1.png","type":"","width":"","height":""}],"twitter_card":"summary_large_image","twitter_misc":{"Est. reading time":"9 minutes"},"schema":{"@context":"https:\/\/schema.org","@graph":[{"@type":"WebPage","@id":"https:\/\/fairspin-mirror.com\/pt-pt\/","url":"https:\/\/fairspin-mirror.com\/pt-pt\/","name":"FairSpin espelho oficial do casino online 2024","isPartOf":{"@id":"https:\/\/fairspin-mirror.com\/pt-pt\/#website"},"primaryImageOfPage":{"@id":"https:\/\/fairspin-mirror.com\/pt-pt\/#primaryimage"},"image":{"@id":"https:\/\/fairspin-mirror.com\/pt-pt\/#primaryimage"},"thumbnailUrl":"https:\/\/fairspin-mirror.com\/wp-content\/uploads\/2023\/03\/1920-1-1024x586-1.png","datePublished":"2022-11-02T18:13:58+00:00","dateModified":"2024-02-22T08:48:13+00:00","description":"FairSpin \u00e9 o novo site oficial do casino online. O espelho de trabalho FairSpin est\u00e1 dispon\u00edvel 24\/7 no nosso site. Registe-se, receba b\u00f3nus e jogue nas slots mais populares em 2024","breadcrumb":{"@id":"https:\/\/fairspin-mirror.com\/pt-pt\/#breadcrumb"},"inLanguage":"pt","potentialAction":[{"@type":"ReadAction","target":["https:\/\/fairspin-mirror.com\/pt-pt\/"]}]},{"@type":"ImageObject","inLanguage":"pt","@id":"https:\/\/fairspin-mirror.com\/pt-pt\/#primaryimage","url":"https:\/\/fairspin-mirror.com\/wp-content\/uploads\/2023\/03\/1920-1-1024x586-1.png","contentUrl":"https:\/\/fairspin-mirror.com\/wp-content\/uploads\/2023\/03\/1920-1-1024x586-1.png"},{"@type":"BreadcrumbList","@id":"https:\/\/fairspin-mirror.com\/pt-pt\/#breadcrumb","itemListElement":[{"@type":"ListItem","position":1,"name":"Home","item":"https:\/\/fairspin-mirror.com\/pt-pt\/"},{"@type":"ListItem","position":2,"name":"FairSpin \u0421asino"}]},{"@type":"WebSite","@id":"https:\/\/fairspin-mirror.com\/pt-pt\/#website","url":"https:\/\/fairspin-mirror.com\/pt-pt\/","name":"Fairspin","description":"","potentialAction":[{"@type":"SearchAction","target":{"@type":"EntryPoint","urlTemplate":"https:\/\/fairspin-mirror.com\/pt-pt\/?s={search_term_string}"},"query-input":{"@type":"PropertyValueSpecification","valueRequired":true,"valueName":"search_term_string"}}],"inLanguage":"pt"}]}},"_links":{"self":[{"href":"https:\/\/fairspin-mirror.com\/pt-pt\/wp-json\/wp\/v2\/pages\/727","targetHints":{"allow":["GET"]}}],"collection":[{"href":"https:\/\/fairspin-mirror.com\/pt-pt\/wp-json\/wp\/v2\/pages"}],"about":[{"href":"https:\/\/fairspin-mirror.com\/pt-pt\/wp-json\/wp\/v2\/types\/page"}],"author":[{"embeddable":true,"href":"https:\/\/fairspin-mirror.com\/pt-pt\/wp-json\/wp\/v2\/users\/1"}],"replies":[{"embeddable":true,"href":"https:\/\/fairspin-mirror.com\/pt-pt\/wp-json\/wp\/v2\/comments?post=727"}],"version-history":[{"count":2,"href":"https:\/\/fairspin-mirror.com\/pt-pt\/wp-json\/wp\/v2\/pages\/727\/revisions"}],"predecessor-version":[{"id":741,"href":"https:\/\/fairspin-mirror.com\/pt-pt\/wp-json\/wp\/v2\/pages\/727\/revisions\/741"}],"wp:attachment":[{"href":"https:\/\/fairspin-mirror.com\/pt-pt\/wp-json\/wp\/v2\/media?parent=727"}],"curies":[{"name":"wp","href":"https:\/\/api.w.org\/{rel}","templated":true}]}}